{"id":1240,"date":"2025-03-04T22:01:25","date_gmt":"2025-03-04T22:01:25","guid":{"rendered":"https:\/\/taexco.ca\/servicios\/renovacion-residencial\/"},"modified":"2025-03-06T04:12:43","modified_gmt":"2025-03-06T04:12:43","slug":"renovacion-residencial","status":"publish","type":"page","link":"https:\/\/taexco.ca\/es\/servicios\/renovacion-residencial\/","title":{"rendered":"Renovaci\u00f3n residencial"},"content":{"rendered":"\t\t<div data-elementor-type=\"wp-page\" data-elementor-id=\"1240\" class=\"elementor elementor-1240 elementor-660\">\n\t\t\t\t\t\t<section class=\"elementor-section elementor-top-section elementor-element elementor-element-61202eee elementor-section-boxed elementor-section-height-default elementor-section-height-default sc_fly_static\" data-id=\"61202eee\" data-element_type=\"section\">\n\t\t\t\t\t\t<div class=\"elementor-container elementor-column-gap-extended\">\n\t\t\t\t\t<div class=\"elementor-column elementor-col-100 elementor-top-column elementor-element elementor-element-344ab12b sc_content_align_inherit sc_layouts_column_icons_position_left sc_fly_static\" data-id=\"344ab12b\" data-element_type=\"column\">\n\t\t\t<div class=\"elementor-widget-wrap elementor-element-populated\">\n\t\t\t\t\t\t<section class=\"elementor-section elementor-inner-section elementor-element elementor-element-fb37d8a elementor-section-boxed elementor-section-height-default elementor-section-height-default sc_fly_static\" data-id=\"fb37d8a\" data-element_type=\"section\">\n\t\t\t\t\t\t<div class=\"elementor-container elementor-column-gap-extended\">\n\t\t\t\t\t<div class=\"elementor-column elementor-col-50 elementor-inner-column elementor-element elementor-element-a30d861 sc_content_align_inherit sc_layouts_column_icons_position_left sc_fly_static\" data-id=\"a30d861\" data-element_type=\"column\">\n\t\t\t<div class=\"elementor-widget-wrap elementor-element-populated\">\n\t\t\t\t\t\t<div class=\"elementor-element elementor-element-eadb2d0 sc_fly_static elementor-widget elementor-widget-image\" data-id=\"eadb2d0\" data-element_type=\"widget\" data-widget_type=\"image.default\">\n\t\t\t\t<div class=\"elementor-widget-container\">\n\t\t\t\t\t\t\t\t\t\t\t\t\t\t\t<img fetchpriority=\"high\" decoding=\"async\" width=\"819\" height=\"1024\" src=\"https:\/\/taexco.ca\/wp-content\/uploads\/2025\/02\/F1257870-6CA1-438E-A945-105F14C62E73-819x1024.jpg\" class=\"attachment-large size-large wp-image-256\" alt=\"\" srcset=\"https:\/\/taexco.ca\/wp-content\/uploads\/2025\/02\/F1257870-6CA1-438E-A945-105F14C62E73-819x1024.jpg 819w, https:\/\/taexco.ca\/wp-content\/uploads\/2025\/02\/F1257870-6CA1-438E-A945-105F14C62E73-240x300.jpg 240w, https:\/\/taexco.ca\/wp-content\/uploads\/2025\/02\/F1257870-6CA1-438E-A945-105F14C62E73-768x960.jpg 768w, https:\/\/taexco.ca\/wp-content\/uploads\/2025\/02\/F1257870-6CA1-438E-A945-105F14C62E73-1229x1536.jpg 1229w, https:\/\/taexco.ca\/wp-content\/uploads\/2025\/02\/F1257870-6CA1-438E-A945-105F14C62E73-370x463.jpg 370w, https:\/\/taexco.ca\/wp-content\/uploads\/2025\/02\/F1257870-6CA1-438E-A945-105F14C62E73-840x1050.jpg 840w, https:\/\/taexco.ca\/wp-content\/uploads\/2025\/02\/F1257870-6CA1-438E-A945-105F14C62E73-410x513.jpg 410w, https:\/\/taexco.ca\/wp-content\/uploads\/2025\/02\/F1257870-6CA1-438E-A945-105F14C62E73.jpg 1280w\" sizes=\"(max-width: 819px) 100vw, 819px\" \/>\t\t\t\t\t\t\t\t\t\t\t\t\t\t\t<\/div>\n\t\t\t\t<\/div>\n\t\t\t\t<div class=\"elementor-element elementor-element-a0ac4ea sc_fly_static elementor-widget elementor-widget-spacer\" data-id=\"a0ac4ea\" data-element_type=\"widget\" data-widget_type=\"spacer.default\">\n\t\t\t\t<div class=\"elementor-widget-container\">\n\t\t\t\t\t\t\t<div class=\"elementor-spacer\">\n\t\t\t<div class=\"elementor-spacer-inner\"><\/div>\n\t\t<\/div>\n\t\t\t\t\t\t<\/div>\n\t\t\t\t<\/div>\n\t\t\t\t\t<\/div>\n\t\t<\/div>\n\t\t\t\t<div class=\"elementor-column elementor-col-50 elementor-inner-column elementor-element elementor-element-d48f63a sc_content_align_inherit sc_layouts_column_icons_position_left sc_fly_static\" data-id=\"d48f63a\" data-element_type=\"column\">\n\t\t\t<div class=\"elementor-widget-wrap elementor-element-populated\">\n\t\t\t\t\t\t<div class=\"elementor-element elementor-element-6baa6f6 elementor-widget__width-initial sc_fly_static elementor-widget elementor-widget-text-editor\" data-id=\"6baa6f6\" data-element_type=\"widget\" data-widget_type=\"text-editor.default\">\n\t\t\t\t<div class=\"elementor-widget-container\">\n\t\t\t\t\t\t\t\t\t<p><span style=\"font-weight: 400;\">En Taexco, ofrecemos una amplia gama de servicios de reforma del hogar para transformar tu casa en un espacio moderno y funcional. Si necesitas renovar un s\u00f3tano, reformar un cuarto de ba\u00f1o o remodelar una cocina, nuestro equipo est\u00e1 aqu\u00ed para hacer realidad tu visi\u00f3n. Nuestros servicios incluyen :<\/span><\/p><ul><li style=\"font-weight: 400;\" aria-level=\"1\"><b>S\u00f3tano<\/b><span style=\"font-weight: 400;\"> Aprovecha al m\u00e1ximo tu s\u00f3tano para crear una habitaci\u00f3n extra, un despacho o una sala de hobbies.<\/span><\/li><li style=\"font-weight: 400;\" aria-level=\"1\"><b>El cuarto de ba\u00f1o<\/b><span style=\"font-weight: 400;\"> Moderniza tu cuarto de ba\u00f1o con accesorios de calidad y un dise\u00f1o funcional. <\/span><span style=\"font-weight: 400;\">(Moderno, contempor\u00e1neo, cl\u00e1sico, seg\u00fan tu gusto).<\/span><\/li><li style=\"font-weight: 400;\" aria-level=\"1\"><b>Cocina<\/b><span style=\"font-weight: 400;\"> Crea la cocina de tus sue\u00f1os, con acabados de alta gama y la m\u00e1xima funcionalidad.<\/span><\/li><li style=\"font-weight: 400;\" aria-level=\"1\"><b>Ampliaciones<\/b><span style=\"font-weight: 400;\"> A\u00f1ade espacio a tu casa con ampliaciones bien dise\u00f1adas.<\/span><\/li><li style=\"font-weight: 400;\" aria-level=\"1\"><b>Estructura<\/b><span style=\"font-weight: 400;\"> Espacios de apertura, refuerzo, muros de apoyo internos, c\u00e1lculos de carga, solidificaci\u00f3n, etc.<\/span><\/li><li style=\"font-weight: 400;\" aria-level=\"1\"><b>Sustituci\u00f3n de muros de carga<\/b><span style=\"font-weight: 400;\"> Nos aseguramos de que las modificaciones estructurales no comprometan la estabilidad de tu vivienda.<\/span><\/li><li style=\"font-weight: 400;\" aria-level=\"1\"><b>Terraza<\/b><span style=\"font-weight: 400;\"> Crea un agradable espacio al aire libre donde disfrutar del verano con tranquilidad. <\/span><span style=\"font-weight: 400;\">(Seg\u00fan tus preferencias de equipamiento)<\/span><\/li><\/ul>\t\t\t\t\t\t\t\t<\/div>\n\t\t\t\t<\/div>\n\t\t\t\t\t<\/div>\n\t\t<\/div>\n\t\t\t\t\t<\/div>\n\t\t<\/section>\n\t\t\t\t\t<\/div>\n\t\t<\/div>\n\t\t\t\t\t<\/div>\n\t\t<\/section>\n\t\t\t\t<section class=\"elementor-section elementor-top-section elementor-element elementor-element-1fa17f4 elementor-section-boxed elementor-section-height-default elementor-section-height-default sc_fly_static\" data-id=\"1fa17f4\" data-element_type=\"section\">\n\t\t\t\t\t\t<div class=\"elementor-container elementor-column-gap-extended\">\n\t\t\t\t\t<div class=\"elementor-column elementor-col-100 elementor-top-column elementor-element elementor-element-b059525 sc_content_align_inherit sc_layouts_column_icons_position_left sc_fly_static\" data-id=\"b059525\" data-element_type=\"column\">\n\t\t\t<div class=\"elementor-widget-wrap elementor-element-populated\">\n\t\t\t\t\t\t<div class=\"elementor-element elementor-element-006af22 sc_fly_static elementor-widget elementor-widget-trx_sc_portfolio\" data-id=\"006af22\" data-element_type=\"widget\" data-widget_type=\"trx_sc_portfolio.default\">\n\t\t\t\t<div class=\"elementor-widget-container\">\n\t\t\t\t\t<div \t\tclass=\"sc_portfolio sc_portfolio_default\"><div class=\"sc_portfolio_columns_wrap sc_item_columns sc_item_posts_container trx_addons_columns_wrap grid_wrap_3 columns_in_single_row no_margin\"><div class=\"trx_addons_column-1_3\"><div data-post-id=\"1285\" class=\"sc_portfolio_item sc_item_container post_container\"\r\n\t\tdata-size=\"1536x2048\"\r\n\tdata-src=\"https:\/\/taexco.ca\/wp-content\/uploads\/2025\/03\/IMG_6697.jpg\"\r\n\t>\r\n\t<div class=\"post_featured with_thumb hover_info sc_portfolio_item_thumb post_featured_bg\"><span class=\"post_thumb post_thumb_bg bg_in buildmax_inline_891179419\"><\/span>\t\t\t\t\t\t<div class=\"mask\"><\/div>\n\t\t\t\t\t\t<a href=\"https:\/\/taexco.ca\/es\/portfolio\/montecarlo-laval\/\"><\/a><div class=\"post_info\"><h5 class=\"post_title\"><a href=\"https:\/\/taexco.ca\/es\/portfolio\/montecarlo-laval\/\">Montecarlo, Laval<\/a><\/h5><div class=\"post_meta\"><span class=\"post_meta_item post_categories cat_sep\"><a href=\"https:\/\/taexco.ca\/es\/portfolio_group\/renovacion-residencial\/\" title=\"View all posts in Renovaci\u00f3n residencial\">Renovaci\u00f3n residencial<\/a><\/span><\/div><\/div><\/div>\t\r\n<\/div><\/div><div class=\"trx_addons_column-1_3\"><div data-post-id=\"1286\" class=\"sc_portfolio_item sc_item_container post_container\"\r\n\t\tdata-size=\"768x1024\"\r\n\tdata-src=\"https:\/\/taexco.ca\/wp-content\/uploads\/2025\/03\/16001ee1-0d75-4031-9cd6-9327756a8542.jpg\"\r\n\t>\r\n\t<div class=\"post_featured with_thumb hover_info sc_portfolio_item_thumb post_featured_bg\"><span class=\"post_thumb post_thumb_bg bg_in buildmax_inline_1872278109\"><\/span>\t\t\t\t\t\t<div class=\"mask\"><\/div>\n\t\t\t\t\t\t<a href=\"https:\/\/taexco.ca\/es\/portfolio\/redfern\/\"><\/a><div class=\"post_info\"><h5 class=\"post_title\"><a href=\"https:\/\/taexco.ca\/es\/portfolio\/redfern\/\">Redfern<\/a><\/h5><div class=\"post_meta\"><span class=\"post_meta_item post_categories cat_sep\"><a href=\"https:\/\/taexco.ca\/es\/portfolio_group\/renovacion-residencial\/\" title=\"View all posts in Renovaci\u00f3n residencial\">Renovaci\u00f3n residencial<\/a><\/span><\/div><\/div><\/div>\t\r\n<\/div><\/div><div class=\"trx_addons_column-1_3\"><div data-post-id=\"1814\" class=\"sc_portfolio_item sc_item_container post_container\"\r\n\t\tdata-size=\"1536x2048\"\r\n\tdata-src=\"https:\/\/taexco.ca\/wp-content\/uploads\/2025\/03\/IMG_4735.jpg\"\r\n\t>\r\n\t<div class=\"post_featured with_thumb hover_info sc_portfolio_item_thumb post_featured_bg\"><span class=\"post_thumb post_thumb_bg bg_in buildmax_inline_196085855\"><\/span>\t\t\t\t\t\t<div class=\"mask\"><\/div>\n\t\t\t\t\t\t<a href=\"https:\/\/taexco.ca\/es\/portfolio\/ahuntsic\/\"><\/a><div class=\"post_info\"><h5 class=\"post_title\"><a href=\"https:\/\/taexco.ca\/es\/portfolio\/ahuntsic\/\">Ahuntsic<\/a><\/h5><div class=\"post_meta\"><span class=\"post_meta_item post_categories cat_sep\"><a href=\"https:\/\/taexco.ca\/es\/portfolio_group\/renovacion-residencial\/\" title=\"View all posts in Renovaci\u00f3n residencial\">Renovaci\u00f3n residencial<\/a><\/span><\/div><\/div><\/div>\t\r\n<\/div><\/div><\/div><\/div>\t\t\t\t<\/div>\n\t\t\t\t<\/div>\n\t\t\t\t\t<\/div>\n\t\t<\/div>\n\t\t\t\t\t<\/div>\n\t\t<\/section>\n\t\t\t\t<section class=\"elementor-section elementor-top-section elementor-element elementor-element-1b1f25f6 scheme_default elementor-section-boxed elementor-section-height-default elementor-section-height-default sc_fly_static\" data-id=\"1b1f25f6\" data-element_type=\"section\" data-settings=\"{&quot;background_background&quot;:&quot;classic&quot;}\">\n\t\t\t\t\t\t<div class=\"elementor-container elementor-column-gap-extended\">\n\t\t\t\t\t<div class=\"elementor-column elementor-col-33 elementor-top-column elementor-element elementor-element-1cdf95c2 sc_content_align_inherit sc_layouts_column_icons_position_left sc_fly_static\" data-id=\"1cdf95c2\" data-element_type=\"column\">\n\t\t\t<div class=\"elementor-widget-wrap elementor-element-populated\">\n\t\t\t\t\t\t<div class=\"elementor-element elementor-element-4f6f5f7d sc_fly_static elementor-widget elementor-widget-trx_sc_cover\" data-id=\"4f6f5f7d\" data-element_type=\"widget\" data-widget_type=\"trx_sc_cover.default\">\n\t\t\t\t<div class=\"elementor-widget-container\">\n\t\t\t\t\t<a href=\"https:\/\/taexco.ca\/es\/?page_id=1177\"\n\tclass=\"sc_cover sc_cover_default\"\n\tdata-place=\"column\" ><\/a>\t\t\t\t<\/div>\n\t\t\t\t<\/div>\n\t\t\t\t<div class=\"elementor-element elementor-element-51403be8 elementor-widget__width-initial sc_fly_static elementor-widget elementor-widget-heading\" data-id=\"51403be8\" data-element_type=\"widget\" data-widget_type=\"heading.default\">\n\t\t\t\t<div class=\"elementor-widget-container\">\n\t\t\t\t\t<h2 class=\"elementor-heading-title elementor-size-default\"><a href=\"https:\/\/taexco.ca\/es\/?page_id=1177\">Renovaci\u00f3n \ncomercial<\/a><\/h2>\t\t\t\t<\/div>\n\t\t\t\t<\/div>\n\t\t\t\t<div class=\"elementor-element elementor-element-28b8e378 elementor-widget__width-auto elementor-view-default sc_fly_static elementor-widget elementor-widget-icon\" data-id=\"28b8e378\" data-element_type=\"widget\" data-widget_type=\"icon.default\">\n\t\t\t\t<div class=\"elementor-widget-container\">\n\t\t\t\t\t\t\t<div class=\"elementor-icon-wrapper\">\n\t\t\t<div class=\"elementor-icon\">\n\t\t\t\t\t\t<\/div>\n\t\t<\/div>\n\t\t\t\t\t\t<\/div>\n\t\t\t\t<\/div>\n\t\t\t\t<div class=\"elementor-element elementor-element-7691df52 sc_fly_static elementor-widget elementor-widget-spacer\" data-id=\"7691df52\" data-element_type=\"widget\" data-widget_type=\"spacer.default\">\n\t\t\t\t<div class=\"elementor-widget-container\">\n\t\t\t\t\t\t\t<div class=\"elementor-spacer\">\n\t\t\t<div class=\"elementor-spacer-inner\"><\/div>\n\t\t<\/div>\n\t\t\t\t\t\t<\/div>\n\t\t\t\t<\/div>\n\t\t\t\t<div class=\"elementor-element elementor-element-7d570d6f divider-hover scheme_default elementor-widget-divider--view-line sc_fly_static elementor-widget elementor-widget-divider\" data-id=\"7d570d6f\" data-element_type=\"widget\" data-widget_type=\"divider.default\">\n\t\t\t\t<div class=\"elementor-widget-container\">\n\t\t\t\t\t\t\t<div class=\"elementor-divider\">\n\t\t\t<span class=\"elementor-divider-separator\">\n\t\t\t\t\t\t<\/span>\n\t\t<\/div>\n\t\t\t\t\t\t<\/div>\n\t\t\t\t<\/div>\n\t\t\t\t<div class=\"elementor-element elementor-element-4707796 sc_fly_static elementor-widget elementor-widget-spacer\" data-id=\"4707796\" data-element_type=\"widget\" data-widget_type=\"spacer.default\">\n\t\t\t\t<div class=\"elementor-widget-container\">\n\t\t\t\t\t\t\t<div class=\"elementor-spacer\">\n\t\t\t<div class=\"elementor-spacer-inner\"><\/div>\n\t\t<\/div>\n\t\t\t\t\t\t<\/div>\n\t\t\t\t<\/div>\n\t\t\t\t<div class=\"elementor-element elementor-element-66404bce sc_fly_static elementor-widget elementor-widget-text-editor\" data-id=\"66404bce\" data-element_type=\"widget\" data-widget_type=\"text-editor.default\">\n\t\t\t\t<div class=\"elementor-widget-container\">\n\t\t\t\t\t\t\t\t\t<p><span style=\"font-weight: 400;\">Entendemos las necesidades espec\u00edficas de las empresas y estamos especializados en la renovaci\u00f3n comercial.<\/span><\/p>\t\t\t\t\t\t\t\t<\/div>\n\t\t\t\t<\/div>\n\t\t\t\t<div class=\"elementor-element elementor-element-46fa546 sc_fly_static elementor-widget elementor-widget-spacer\" data-id=\"46fa546\" data-element_type=\"widget\" data-widget_type=\"spacer.default\">\n\t\t\t\t<div class=\"elementor-widget-container\">\n\t\t\t\t\t\t\t<div class=\"elementor-spacer\">\n\t\t\t<div class=\"elementor-spacer-inner\"><\/div>\n\t\t<\/div>\n\t\t\t\t\t\t<\/div>\n\t\t\t\t<\/div>\n\t\t\t\t\t<\/div>\n\t\t<\/div>\n\t\t\t\t<div class=\"elementor-column elementor-col-33 elementor-top-column elementor-element elementor-element-2fd43ee9 sc_content_align_inherit sc_layouts_column_icons_position_left sc_fly_static\" data-id=\"2fd43ee9\" data-element_type=\"column\">\n\t\t\t<div class=\"elementor-widget-wrap elementor-element-populated\">\n\t\t\t\t\t\t<div class=\"elementor-element elementor-element-642a5e58 sc_fly_static elementor-widget elementor-widget-trx_sc_cover\" data-id=\"642a5e58\" data-element_type=\"widget\" data-widget_type=\"trx_sc_cover.default\">\n\t\t\t\t<div class=\"elementor-widget-container\">\n\t\t\t\t\t<a href=\"https:\/\/taexco.ca\/es\/?page_id=1162\"\n\tclass=\"sc_cover sc_cover_default\"\n\tdata-place=\"column\" ><\/a>\t\t\t\t<\/div>\n\t\t\t\t<\/div>\n\t\t\t\t<div class=\"elementor-element elementor-element-2367f4fe elementor-widget__width-initial sc_fly_static elementor-widget elementor-widget-heading\" data-id=\"2367f4fe\" data-element_type=\"widget\" data-widget_type=\"heading.default\">\n\t\t\t\t<div class=\"elementor-widget-container\">\n\t\t\t\t\t<h2 class=\"elementor-heading-title elementor-size-default\"><a href=\"https:\/\/taexco.ca\/es\/?page_id=1162\">Renovaci\u00f3n tras una cat\u00e1strofe<\/a><\/h2>\t\t\t\t<\/div>\n\t\t\t\t<\/div>\n\t\t\t\t<div class=\"elementor-element elementor-element-1d4d8f93 elementor-widget__width-auto elementor-view-default sc_fly_static elementor-widget elementor-widget-icon\" data-id=\"1d4d8f93\" data-element_type=\"widget\" data-widget_type=\"icon.default\">\n\t\t\t\t<div class=\"elementor-widget-container\">\n\t\t\t\t\t\t\t<div class=\"elementor-icon-wrapper\">\n\t\t\t<div class=\"elementor-icon\">\n\t\t\t\t\t\t<\/div>\n\t\t<\/div>\n\t\t\t\t\t\t<\/div>\n\t\t\t\t<\/div>\n\t\t\t\t<div class=\"elementor-element elementor-element-5c61c8f1 sc_fly_static elementor-widget elementor-widget-spacer\" data-id=\"5c61c8f1\" data-element_type=\"widget\" data-widget_type=\"spacer.default\">\n\t\t\t\t<div class=\"elementor-widget-container\">\n\t\t\t\t\t\t\t<div class=\"elementor-spacer\">\n\t\t\t<div class=\"elementor-spacer-inner\"><\/div>\n\t\t<\/div>\n\t\t\t\t\t\t<\/div>\n\t\t\t\t<\/div>\n\t\t\t\t<div class=\"elementor-element elementor-element-737d501b divider-hover elementor-widget-divider--view-line sc_fly_static elementor-widget elementor-widget-divider\" data-id=\"737d501b\" data-element_type=\"widget\" data-widget_type=\"divider.default\">\n\t\t\t\t<div class=\"elementor-widget-container\">\n\t\t\t\t\t\t\t<div class=\"elementor-divider\">\n\t\t\t<span class=\"elementor-divider-separator\">\n\t\t\t\t\t\t<\/span>\n\t\t<\/div>\n\t\t\t\t\t\t<\/div>\n\t\t\t\t<\/div>\n\t\t\t\t<div class=\"elementor-element elementor-element-181c591 sc_fly_static elementor-widget elementor-widget-spacer\" data-id=\"181c591\" data-element_type=\"widget\" data-widget_type=\"spacer.default\">\n\t\t\t\t<div class=\"elementor-widget-container\">\n\t\t\t\t\t\t\t<div class=\"elementor-spacer\">\n\t\t\t<div class=\"elementor-spacer-inner\"><\/div>\n\t\t<\/div>\n\t\t\t\t\t\t<\/div>\n\t\t\t\t<\/div>\n\t\t\t\t<div class=\"elementor-element elementor-element-785ae26f sc_fly_static elementor-widget elementor-widget-text-editor\" data-id=\"785ae26f\" data-element_type=\"widget\" data-widget_type=\"text-editor.default\">\n\t\t\t\t<div class=\"elementor-widget-container\">\n\t\t\t\t\t\t\t\t\t<p><span style=\"font-weight: 400;\">En caso de siniestro, Taexco est\u00e1 ah\u00ed para ayudarte a restaurar tus bienes.  <\/span><\/p>\t\t\t\t\t\t\t\t<\/div>\n\t\t\t\t<\/div>\n\t\t\t\t<div class=\"elementor-element elementor-element-d7d6c6c sc_fly_static elementor-widget elementor-widget-spacer\" data-id=\"d7d6c6c\" data-element_type=\"widget\" data-widget_type=\"spacer.default\">\n\t\t\t\t<div class=\"elementor-widget-container\">\n\t\t\t\t\t\t\t<div class=\"elementor-spacer\">\n\t\t\t<div class=\"elementor-spacer-inner\"><\/div>\n\t\t<\/div>\n\t\t\t\t\t\t<\/div>\n\t\t\t\t<\/div>\n\t\t\t\t\t<\/div>\n\t\t<\/div>\n\t\t\t\t<div class=\"elementor-column elementor-col-33 elementor-top-column elementor-element elementor-element-607e26c5 sc_content_align_inherit sc_layouts_column_icons_position_left sc_fly_static\" data-id=\"607e26c5\" data-element_type=\"column\">\n\t\t\t<div class=\"elementor-widget-wrap elementor-element-populated\">\n\t\t\t\t\t\t<div class=\"elementor-element elementor-element-3ac7e2d9 sc_fly_static elementor-widget elementor-widget-trx_sc_cover\" data-id=\"3ac7e2d9\" data-element_type=\"widget\" data-widget_type=\"trx_sc_cover.default\">\n\t\t\t\t<div class=\"elementor-widget-container\">\n\t\t\t\t\t<a href=\"https:\/\/taexco.ca\/es\/?page_id=1161\"\n\tclass=\"sc_cover sc_cover_default\"\n\tdata-place=\"column\" ><\/a>\t\t\t\t<\/div>\n\t\t\t\t<\/div>\n\t\t\t\t<div class=\"elementor-element elementor-element-52330568 elementor-widget__width-initial sc_fly_static elementor-widget elementor-widget-heading\" data-id=\"52330568\" data-element_type=\"widget\" data-widget_type=\"heading.default\">\n\t\t\t\t<div class=\"elementor-widget-container\">\n\t\t\t\t\t<h2 class=\"elementor-heading-title elementor-size-default\"><a href=\"https:\/\/taexco.ca\/es\/?page_id=1161\">Proyectos llave en mano<\/a><\/h2>\t\t\t\t<\/div>\n\t\t\t\t<\/div>\n\t\t\t\t<div class=\"elementor-element elementor-element-491f0db5 elementor-widget__width-auto elementor-view-default sc_fly_static elementor-widget elementor-widget-icon\" data-id=\"491f0db5\" data-element_type=\"widget\" data-widget_type=\"icon.default\">\n\t\t\t\t<div class=\"elementor-widget-container\">\n\t\t\t\t\t\t\t<div class=\"elementor-icon-wrapper\">\n\t\t\t<div class=\"elementor-icon\">\n\t\t\t\t\t\t<\/div>\n\t\t<\/div>\n\t\t\t\t\t\t<\/div>\n\t\t\t\t<\/div>\n\t\t\t\t<div class=\"elementor-element elementor-element-58977f8d sc_fly_static elementor-widget elementor-widget-spacer\" data-id=\"58977f8d\" data-element_type=\"widget\" data-widget_type=\"spacer.default\">\n\t\t\t\t<div class=\"elementor-widget-container\">\n\t\t\t\t\t\t\t<div class=\"elementor-spacer\">\n\t\t\t<div class=\"elementor-spacer-inner\"><\/div>\n\t\t<\/div>\n\t\t\t\t\t\t<\/div>\n\t\t\t\t<\/div>\n\t\t\t\t<div class=\"elementor-element elementor-element-73f21d1d divider-hover elementor-widget-divider--view-line sc_fly_static elementor-widget elementor-widget-divider\" data-id=\"73f21d1d\" data-element_type=\"widget\" data-widget_type=\"divider.default\">\n\t\t\t\t<div class=\"elementor-widget-container\">\n\t\t\t\t\t\t\t<div class=\"elementor-divider\">\n\t\t\t<span class=\"elementor-divider-separator\">\n\t\t\t\t\t\t<\/span>\n\t\t<\/div>\n\t\t\t\t\t\t<\/div>\n\t\t\t\t<\/div>\n\t\t\t\t<div class=\"elementor-element elementor-element-771f898f sc_fly_static elementor-widget elementor-widget-spacer\" data-id=\"771f898f\" data-element_type=\"widget\" data-widget_type=\"spacer.default\">\n\t\t\t\t<div class=\"elementor-widget-container\">\n\t\t\t\t\t\t\t<div class=\"elementor-spacer\">\n\t\t\t<div class=\"elementor-spacer-inner\"><\/div>\n\t\t<\/div>\n\t\t\t\t\t\t<\/div>\n\t\t\t\t<\/div>\n\t\t\t\t<div class=\"elementor-element elementor-element-7b2c519a sc_fly_static elementor-widget elementor-widget-text-editor\" data-id=\"7b2c519a\" data-element_type=\"widget\" data-widget_type=\"text-editor.default\">\n\t\t\t\t<div class=\"elementor-widget-container\">\n\t\t\t\t\t\t\t\t\t<p><span style=\"font-weight: 400;\">Con nuestro servicio de proyectos llave en mano, Taexco se encarga de todos los aspectos de tu reforma, desde el dise\u00f1o hasta la finalizaci\u00f3n.<\/span><\/p>\t\t\t\t\t\t\t\t<\/div>\n\t\t\t\t<\/div>\n\t\t\t\t<div class=\"elementor-element elementor-element-3907ce3 sc_fly_static elementor-widget elementor-widget-spacer\" data-id=\"3907ce3\" data-element_type=\"widget\" data-widget_type=\"spacer.default\">\n\t\t\t\t<div class=\"elementor-widget-container\">\n\t\t\t\t\t\t\t<div class=\"elementor-spacer\">\n\t\t\t<div class=\"elementor-spacer-inner\"><\/div>\n\t\t<\/div>\n\t\t\t\t\t\t<\/div>\n\t\t\t\t<\/div>\n\t\t\t\t\t<\/div>\n\t\t<\/div>\n\t\t\t\t\t<\/div>\n\t\t<\/section>\n\t\t\t\t<section class=\"elementor-section elementor-top-section elementor-element elementor-element-7f5c32a4 elementor-section-full_width sc_extra_bg_large elementor-section-height-default elementor-section-height-default sc_fly_static\" data-id=\"7f5c32a4\" data-element_type=\"section\" data-settings=\"{&quot;background_background&quot;:&quot;classic&quot;}\">\n\t\t\t\t\t\t<div class=\"elementor-container elementor-column-gap-no\">\n\t\t\t\t\t<div class=\"elementor-column elementor-col-100 elementor-top-column elementor-element elementor-element-410a03a0 scheme_dark sc_content_align_inherit sc_layouts_column_icons_position_left sc_fly_static\" data-id=\"410a03a0\" data-element_type=\"column\" data-settings=\"{&quot;background_background&quot;:&quot;classic&quot;}\">\n\t\t\t<div class=\"elementor-widget-wrap elementor-element-populated\">\n\t\t\t\t\t<div class=\"elementor-background-overlay\"><\/div>\n\t\t\t\t\t\t<div class=\"elementor-element elementor-element-28deca0e sc_fly_static elementor-widget elementor-widget-spacer\" data-id=\"28deca0e\" data-element_type=\"widget\" data-widget_type=\"spacer.default\">\n\t\t\t\t<div class=\"elementor-widget-container\">\n\t\t\t\t\t\t\t<div class=\"elementor-spacer\">\n\t\t\t<div class=\"elementor-spacer-inner\"><\/div>\n\t\t<\/div>\n\t\t\t\t\t\t<\/div>\n\t\t\t\t<\/div>\n\t\t\t\t<div class=\"elementor-element elementor-element-5b683b6c sc_gradient_animation_none sc_fly_static elementor-widget elementor-widget-trx_sc_title\" data-id=\"5b683b6c\" data-element_type=\"widget\" data-widget_type=\"trx_sc_title.default\">\n\t\t\t\t<div class=\"elementor-widget-container\">\n\t\t\t\t\t<div\t\tclass=\"sc_title color_style_dark sc_title_default\" ><span class=\"sc_item_subtitle sc_title_subtitle sc_align_center sc_item_subtitle_above sc_item_title_style_default\">Construcciones Taexco<\/span><h1 class=\"sc_item_title sc_title_title sc_align_center sc_item_title_style_default sc_item_title_tag sc_typed\"\n\t\t\t><span class=\"sc_item_title_text\">Renueva tu casa<\/span><\/h1><div\tclass=\"sc_item_button sc_button_wrap sc_align_center sc_item_button sc_item_button_hover sc_item_button_size_normal sc_title_button\"><a href=\"https:\/\/taexco.ca\/es\/?page_id=1202\" class=\"sc_button sc_button_hover sc_button_size_normal sc_button_icon_left\"><span class=\"sc_button_text\"><span class=\"sc_button_title\">Pide un presupuesto<\/span><\/span><\/a><\/div><\/div>\t\t\t\t<\/div>\n\t\t\t\t<\/div>\n\t\t\t\t<div class=\"elementor-element elementor-element-21034c78 sc_fly_static elementor-widget elementor-widget-spacer\" data-id=\"21034c78\" data-element_type=\"widget\" data-widget_type=\"spacer.default\">\n\t\t\t\t<div class=\"elementor-widget-container\">\n\t\t\t\t\t\t\t<div class=\"elementor-spacer\">\n\t\t\t<div class=\"elementor-spacer-inner\"><\/div>\n\t\t<\/div>\n\t\t\t\t\t\t<\/div>\n\t\t\t\t<\/div>\n\t\t\t\t\t<\/div>\n\t\t<\/div>\n\t\t\t\t\t<\/div>\n\t\t<\/section>\n\t\t\t\t<\/div>\n\t\t","protected":false},"excerpt":{"rendered":"<p>En Taexco, ofrecemos una amplia gama de servicios de reforma del hogar para transformar tu casa en un espacio moderno y funcional. Si necesitas renovar un s\u00f3tano, reformar un cuarto&hellip;<\/p>\n","protected":false},"author":1,"featured_media":0,"parent":1221,"menu_order":0,"comment_status":"closed","ping_status":"closed","template":"","meta":{"footnotes":""},"class_list":["post-1240","page","type-page","status-publish","hentry"],"_links":{"self":[{"href":"https:\/\/taexco.ca\/es\/wp-json\/wp\/v2\/pages\/1240","targetHints":{"allow":["GET"]}}],"collection":[{"href":"https:\/\/taexco.ca\/es\/wp-json\/wp\/v2\/pages"}],"about":[{"href":"https:\/\/taexco.ca\/es\/wp-json\/wp\/v2\/types\/page"}],"author":[{"embeddable":true,"href":"https:\/\/taexco.ca\/es\/wp-json\/wp\/v2\/users\/1"}],"replies":[{"embeddable":true,"href":"https:\/\/taexco.ca\/es\/wp-json\/wp\/v2\/comments?post=1240"}],"version-history":[{"count":5,"href":"https:\/\/taexco.ca\/es\/wp-json\/wp\/v2\/pages\/1240\/revisions"}],"predecessor-version":[{"id":1304,"href":"https:\/\/taexco.ca\/es\/wp-json\/wp\/v2\/pages\/1240\/revisions\/1304"}],"up":[{"embeddable":true,"href":"https:\/\/taexco.ca\/es\/wp-json\/wp\/v2\/pages\/1221"}],"wp:attachment":[{"href":"https:\/\/taexco.ca\/es\/wp-json\/wp\/v2\/media?parent=1240"}],"curies":[{"name":"wp","href":"https:\/\/api.w.org\/{rel}","templated":true}]}}